{"id":1970,"date":"2025-11-05T04:18:06","date_gmt":"2025-11-05T04:18:06","guid":{"rendered":"https:\/\/easycold.com.br\/homeeletro\/?page_id=1970"},"modified":"2025-11-25T19:27:04","modified_gmt":"2025-11-25T19:27:04","slug":"sobre-nos","status":"publish","type":"page","link":"https:\/\/easycold.com.br\/homeeletro\/sobre-nos\/","title":{"rendered":"Sobre n\u00f3s"},"content":{"rendered":"\t\t<div data-elementor-type=\"wp-page\" data-elementor-id=\"1970\" class=\"elementor elementor-1970\">\n\t\t\t\t<div class=\"elementor-element elementor-element-9d7b9d6 e-flex e-con-boxed e-con e-parent\" data-id=\"9d7b9d6\" data-element_type=\"container\" data-settings=\"{&quot;background_background&quot;:&quot;slideshow&quot;,&quot;background_slideshow_gallery&quot;:[{&quot;id&quot;:1991,&quot;url&quot;:&quot;https:\\\/\\\/easycold.com.br\\\/wp-content\\\/uploads\\\/2025\\\/11\\\/refrigeracao-13.webp&quot;}],&quot;background_slideshow_loop&quot;:&quot;yes&quot;,&quot;background_slideshow_slide_duration&quot;:5000,&quot;background_slideshow_slide_transition&quot;:&quot;fade&quot;,&quot;background_slideshow_transition_duration&quot;:500}\">\n\t\t\t\t\t<div class=\"e-con-inner\">\n\t\t\t\t<div class=\"elementor-element elementor-element-1abe398 elementor-widget elementor-widget-heading\" data-id=\"1abe398\" data-element_type=\"widget\" data-widget_type=\"heading.default\">\n\t\t\t\t<div class=\"elementor-widget-container\">\n\t\t\t\t\t<h2 class=\"elementor-heading-title elementor-size-default\">Sobre n\u00f3s<\/h2>\t\t\t\t<\/div>\n\t\t\t\t<\/div>\n\t\t\t\t<div class=\"elementor-element elementor-element-176a146 elementor-widget elementor-widget-text-editor\" data-id=\"176a146\" data-element_type=\"widget\" data-widget_type=\"text-editor.default\">\n\t\t\t\t<div class=\"elementor-widget-container\">\n\t\t\t\t\t\t\t\t\t<div class=\"bg-easycold-blue py-24 px-4\"><div class=\"container mx-auto text-center text-white\"><p class=\"text-xl max-w-3xl mx-auto\">Conhe\u00e7a a hist\u00f3ria da EasyCold e nosso compromisso com a excel\u00eancia<\/p><p class=\"text-xl max-w-3xl mx-auto\">em refrigera\u00e7\u00e3o industrial, climatiza\u00e7\u00e3o e ventila\u00e7\u00e3o.<\/p><\/div><\/div>\t\t\t\t\t\t\t\t<\/div>\n\t\t\t\t<\/div>\n\t\t\t\t\t<\/div>\n\t\t\t\t<\/div>\n\t\t<div class=\"elementor-element elementor-element-26a11a0 e-flex e-con-boxed e-con e-parent\" data-id=\"26a11a0\" data-element_type=\"container\">\n\t\t\t\t\t<div class=\"e-con-inner\">\n\t\t\t\t<div class=\"elementor-element elementor-element-7eb173f elementor-widget elementor-widget-heading\" data-id=\"7eb173f\" data-element_type=\"widget\" data-widget_type=\"heading.default\">\n\t\t\t\t<div class=\"elementor-widget-container\">\n\t\t\t\t\t<h2 class=\"elementor-heading-title elementor-size-default\">Nossa Hist\u00f3ria\n<\/h2>\t\t\t\t<\/div>\n\t\t\t\t<\/div>\n\t\t\t\t<div class=\"elementor-element elementor-element-3930a5b elementor-widget-divider--view-line elementor-widget elementor-widget-divider\" data-id=\"3930a5b\" data-element_type=\"widget\" data-widget_type=\"divider.default\">\n\t\t\t\t<div class=\"elementor-widget-container\">\n\t\t\t\t\t\t\t<div class=\"elementor-divider\">\n\t\t\t<span class=\"elementor-divider-separator\">\n\t\t\t\t\t\t<\/span>\n\t\t<\/div>\n\t\t\t\t\t\t<\/div>\n\t\t\t\t<\/div>\n\t\t<div class=\"elementor-element elementor-element-80ac918 e-grid e-con-full e-con e-child\" data-id=\"80ac918\" data-element_type=\"container\">\n\t\t\t\t<div class=\"elementor-element elementor-element-a9a2759 elementor-invisible elementor-widget elementor-widget-image\" data-id=\"a9a2759\" data-element_type=\"widget\" data-settings=\"{&quot;_animation&quot;:&quot;fadeInUp&quot;}\" data-widget_type=\"image.default\">\n\t\t\t\t<div class=\"elementor-widget-container\">\n\t\t\t\t\t\t\t\t\t\t\t\t\t\t\t<img fetchpriority=\"high\" decoding=\"async\" width=\"1024\" height=\"576\" src=\"https:\/\/easycold.com.br\/wp-content\/uploads\/2025\/11\/refrigeracao-portfolio-1-1024x576.png\" class=\"attachment-large size-large wp-image-2109\" alt=\"\" srcset=\"https:\/\/easycold.com.br\/wp-content\/uploads\/2025\/11\/refrigeracao-portfolio-1-1024x576.png 1024w, https:\/\/easycold.com.br\/wp-content\/uploads\/2025\/11\/refrigeracao-portfolio-1-300x169.png 300w, https:\/\/easycold.com.br\/wp-content\/uploads\/2025\/11\/refrigeracao-portfolio-1-768x432.png 768w, https:\/\/easycold.com.br\/wp-content\/uploads\/2025\/11\/refrigeracao-portfolio-1.png 1277w\" sizes=\"(max-width: 1024px) 100vw, 1024px\" \/>\t\t\t\t\t\t\t\t\t\t\t\t\t\t\t<\/div>\n\t\t\t\t<\/div>\n\t\t\t\t<div class=\"elementor-element elementor-element-0278d8c elementor-invisible elementor-widget elementor-widget-image\" data-id=\"0278d8c\" data-element_type=\"widget\" data-settings=\"{&quot;_animation&quot;:&quot;fadeInUp&quot;}\" data-widget_type=\"image.default\">\n\t\t\t\t<div class=\"elementor-widget-container\">\n\t\t\t\t\t\t\t\t\t\t\t\t\t\t\t<img decoding=\"async\" width=\"1024\" height=\"670\" src=\"https:\/\/easycold.com.br\/wp-content\/uploads\/2025\/11\/Captura-de-Tela-2025-11-21-as-10.44.50-1-1024x670.png\" class=\"attachment-large size-large wp-image-2108\" alt=\"\" srcset=\"https:\/\/easycold.com.br\/wp-content\/uploads\/2025\/11\/Captura-de-Tela-2025-11-21-as-10.44.50-1-1024x670.png 1024w, https:\/\/easycold.com.br\/wp-content\/uploads\/2025\/11\/Captura-de-Tela-2025-11-21-as-10.44.50-1-300x196.png 300w, https:\/\/easycold.com.br\/wp-content\/uploads\/2025\/11\/Captura-de-Tela-2025-11-21-as-10.44.50-1-768x503.png 768w, https:\/\/easycold.com.br\/wp-content\/uploads\/2025\/11\/Captura-de-Tela-2025-11-21-as-10.44.50-1.png 1277w\" sizes=\"(max-width: 1024px) 100vw, 1024px\" \/>\t\t\t\t\t\t\t\t\t\t\t\t\t\t\t<\/div>\n\t\t\t\t<\/div>\n\t\t\t\t<div class=\"elementor-element elementor-element-56b021c elementor-invisible elementor-widget elementor-widget-image\" data-id=\"56b021c\" data-element_type=\"widget\" data-settings=\"{&quot;_animation&quot;:&quot;fadeInUp&quot;}\" data-widget_type=\"image.default\">\n\t\t\t\t<div class=\"elementor-widget-container\">\n\t\t\t\t\t\t\t\t\t\t\t\t\t\t\t<img decoding=\"async\" width=\"1024\" height=\"576\" src=\"https:\/\/easycold.com.br\/wp-content\/uploads\/2025\/11\/refrigeracao-portifolio-5-1-1024x576.png\" class=\"attachment-large size-large wp-image-2110\" alt=\"\" srcset=\"https:\/\/easycold.com.br\/wp-content\/uploads\/2025\/11\/refrigeracao-portifolio-5-1-1024x576.png 1024w, https:\/\/easycold.com.br\/wp-content\/uploads\/2025\/11\/refrigeracao-portifolio-5-1-300x169.png 300w, https:\/\/easycold.com.br\/wp-content\/uploads\/2025\/11\/refrigeracao-portifolio-5-1-768x432.png 768w, https:\/\/easycold.com.br\/wp-content\/uploads\/2025\/11\/refrigeracao-portifolio-5-1.png 1277w\" sizes=\"(max-width: 1024px) 100vw, 1024px\" \/>\t\t\t\t\t\t\t\t\t\t\t\t\t\t\t<\/div>\n\t\t\t\t<\/div>\n\t\t\t\t<\/div>\n\t\t\t\t<div class=\"elementor-element elementor-element-8c086a1 elementor-widget elementor-widget-text-editor\" data-id=\"8c086a1\" data-element_type=\"widget\" data-widget_type=\"text-editor.default\">\n\t\t\t\t<div class=\"elementor-widget-container\">\n\t\t\t\t\t\t\t\t\t<p><span style=\"font-weight: 400;\">A Easycold \u00e9 uma empresa de engenharia de refrigera\u00e7\u00e3o e climatiza\u00e7\u00e3o industrial especialistas em conserva\u00e7\u00e3o de alimentos, o que nos capacita para o atendimento de diversos clientes em toda cadeia do frio.\u00a0<\/span><\/p><p><span style=\"font-weight: 400;\"><strong>Atuamos em projetos que necessitam de precis\u00e3o no controle de temperatura e umidade<\/strong>, como t\u00faneis de congelamentos, girofrezzers, pasteurizadores, c\u00e2meras frias de armazenamento, centros de distribui\u00e7\u00e3o refrigerados, frigor\u00edficos, latic\u00ednios, f\u00e1bricas de sucos e supermercados.\u00a0<\/span><\/p><p><span style=\"font-weight: 400;\">Atuamos nos estados do Paran\u00e1, Santa Catarina e S\u00e3o Paulo com o servi\u00e7os de manuten\u00e7\u00e3o e instala\u00e7\u00f5es frigor\u00edficas. Al\u00e9m disso, prestamos servi\u00e7os de assessorias, consultorias, auditorias t\u00e9cnicas, comissionamentos e projetos em 3D em todo territ\u00f3rio nacional.<\/span><\/p>\t\t\t\t\t\t\t\t<\/div>\n\t\t\t\t<\/div>\n\t\t\t\t\t<\/div>\n\t\t\t\t<\/div>\n\t\t<div class=\"elementor-element elementor-element-02ec698 e-flex e-con-boxed e-con e-parent\" data-id=\"02ec698\" data-element_type=\"container\">\n\t\t\t\t\t<div class=\"e-con-inner\">\n\t\t<div class=\"elementor-element elementor-element-df8ed71 e-con-full e-flex elementor-invisible e-con e-child\" data-id=\"df8ed71\" data-element_type=\"container\" data-settings=\"{&quot;background_background&quot;:&quot;classic&quot;,&quot;animation&quot;:&quot;slideInUp&quot;}\">\n\t\t\t\t<div class=\"elementor-element elementor-element-3493aa5 elementor-widget elementor-widget-heading\" data-id=\"3493aa5\" data-element_type=\"widget\" data-widget_type=\"heading.default\">\n\t\t\t\t<div class=\"elementor-widget-container\">\n\t\t\t\t\t<h2 class=\"elementor-heading-title elementor-size-default\">Miss\u00e3o<\/h2>\t\t\t\t<\/div>\n\t\t\t\t<\/div>\n\t\t\t\t<div class=\"elementor-element elementor-element-26f8415 elementor-view-default elementor-widget elementor-widget-icon\" data-id=\"26f8415\" data-element_type=\"widget\" data-widget_type=\"icon.default\">\n\t\t\t\t<div class=\"elementor-widget-container\">\n\t\t\t\t\t\t\t<div class=\"elementor-icon-wrapper\">\n\t\t\t<div class=\"elementor-icon elementor-animation-bounce-in\">\n\t\t\t<svg aria-hidden=\"true\" class=\"e-font-icon-svg e-fas-star\" viewBox=\"0 0 576 512\" xmlns=\"http:\/\/www.w3.org\/2000\/svg\"><path d=\"M259.3 17.8L194 150.2 47.9 171.5c-26.2 3.8-36.7 36.1-17.7 54.6l105.7 103-25 145.5c-4.5 26.3 23.2 46 46.4 33.7L288 439.6l130.7 68.7c23.2 12.2 50.9-7.4 46.4-33.7l-25-145.5 105.7-103c19-18.5 8.5-50.8-17.7-54.6L382 150.2 316.7 17.8c-11.7-23.6-45.6-23.9-57.4 0z\"><\/path><\/svg>\t\t\t<\/div>\n\t\t<\/div>\n\t\t\t\t\t\t<\/div>\n\t\t\t\t<\/div>\n\t\t\t\t<div class=\"elementor-element elementor-element-30a2277 elementor-widget elementor-widget-text-editor\" data-id=\"30a2277\" data-element_type=\"widget\" data-widget_type=\"text-editor.default\">\n\t\t\t\t<div class=\"elementor-widget-container\">\n\t\t\t\t\t\t\t\t\t<div><p>Proporcionar confiabilidade e efici\u00eancia energ\u00e9tica em instala\u00e7\u00f5es de refrigera\u00e7\u00e3o e climatiza\u00e7\u00e3o de m\u00e9dio e grande porte, oferecendo um projeto e uma manuten\u00e7\u00e3o de qualidade, adequado as necessidades do cliente.<\/p><\/div>\t\t\t\t\t\t\t\t<\/div>\n\t\t\t\t<\/div>\n\t\t\t\t<\/div>\n\t\t<div class=\"elementor-element elementor-element-1bed098 e-con-full e-flex elementor-invisible e-con e-child\" data-id=\"1bed098\" data-element_type=\"container\" data-settings=\"{&quot;background_background&quot;:&quot;classic&quot;,&quot;animation&quot;:&quot;slideInUp&quot;}\">\n\t\t\t\t<div class=\"elementor-element elementor-element-eee096b elementor-widget elementor-widget-heading\" data-id=\"eee096b\" data-element_type=\"widget\" data-widget_type=\"heading.default\">\n\t\t\t\t<div class=\"elementor-widget-container\">\n\t\t\t\t\t<h2 class=\"elementor-heading-title elementor-size-default\">Vis\u00e3o<\/h2>\t\t\t\t<\/div>\n\t\t\t\t<\/div>\n\t\t\t\t<div class=\"elementor-element elementor-element-32f6f5f elementor-view-default elementor-widget elementor-widget-icon\" data-id=\"32f6f5f\" data-element_type=\"widget\" data-widget_type=\"icon.default\">\n\t\t\t\t<div class=\"elementor-widget-container\">\n\t\t\t\t\t\t\t<div class=\"elementor-icon-wrapper\">\n\t\t\t<div class=\"elementor-icon elementor-animation-bounce-in\">\n\t\t\t<svg aria-hidden=\"true\" class=\"e-font-icon-svg e-fas-star\" viewBox=\"0 0 576 512\" xmlns=\"http:\/\/www.w3.org\/2000\/svg\"><path d=\"M259.3 17.8L194 150.2 47.9 171.5c-26.2 3.8-36.7 36.1-17.7 54.6l105.7 103-25 145.5c-4.5 26.3 23.2 46 46.4 33.7L288 439.6l130.7 68.7c23.2 12.2 50.9-7.4 46.4-33.7l-25-145.5 105.7-103c19-18.5 8.5-50.8-17.7-54.6L382 150.2 316.7 17.8c-11.7-23.6-45.6-23.9-57.4 0z\"><\/path><\/svg>\t\t\t<\/div>\n\t\t<\/div>\n\t\t\t\t\t\t<\/div>\n\t\t\t\t<\/div>\n\t\t\t\t<div class=\"elementor-element elementor-element-5977ef0 elementor-widget elementor-widget-text-editor\" data-id=\"5977ef0\" data-element_type=\"widget\" data-widget_type=\"text-editor.default\">\n\t\t\t\t<div class=\"elementor-widget-container\">\n\t\t\t\t\t\t\t\t\t<p>Ser refer\u00eancia em solu\u00e7\u00f5es de refrigera\u00e7\u00e3o e climatiza\u00e7\u00e3o de grandes empreendimentos da ind\u00fastria aliment\u00edcia, com atendimento exclusivo e personalizado para cada seguimento.<br \/><br \/><\/p>\t\t\t\t\t\t\t\t<\/div>\n\t\t\t\t<\/div>\n\t\t\t\t<\/div>\n\t\t<div class=\"elementor-element elementor-element-55f2f0b e-con-full e-flex elementor-invisible e-con e-child\" data-id=\"55f2f0b\" data-element_type=\"container\" data-settings=\"{&quot;background_background&quot;:&quot;classic&quot;,&quot;animation&quot;:&quot;slideInUp&quot;}\">\n\t\t\t\t<div class=\"elementor-element elementor-element-7fccf3f elementor-widget elementor-widget-heading\" data-id=\"7fccf3f\" data-element_type=\"widget\" data-widget_type=\"heading.default\">\n\t\t\t\t<div class=\"elementor-widget-container\">\n\t\t\t\t\t<h2 class=\"elementor-heading-title elementor-size-default\">Valores<\/h2>\t\t\t\t<\/div>\n\t\t\t\t<\/div>\n\t\t\t\t<div class=\"elementor-element elementor-element-2cc0184 elementor-view-default elementor-widget elementor-widget-icon\" data-id=\"2cc0184\" data-element_type=\"widget\" data-widget_type=\"icon.default\">\n\t\t\t\t<div class=\"elementor-widget-container\">\n\t\t\t\t\t\t\t<div class=\"elementor-icon-wrapper\">\n\t\t\t<div class=\"elementor-icon elementor-animation-bounce-in\">\n\t\t\t<svg aria-hidden=\"true\" class=\"e-font-icon-svg e-fas-star\" viewBox=\"0 0 576 512\" xmlns=\"http:\/\/www.w3.org\/2000\/svg\"><path d=\"M259.3 17.8L194 150.2 47.9 171.5c-26.2 3.8-36.7 36.1-17.7 54.6l105.7 103-25 145.5c-4.5 26.3 23.2 46 46.4 33.7L288 439.6l130.7 68.7c23.2 12.2 50.9-7.4 46.4-33.7l-25-145.5 105.7-103c19-18.5 8.5-50.8-17.7-54.6L382 150.2 316.7 17.8c-11.7-23.6-45.6-23.9-57.4 0z\"><\/path><\/svg>\t\t\t<\/div>\n\t\t<\/div>\n\t\t\t\t\t\t<\/div>\n\t\t\t\t<\/div>\n\t\t\t\t<div class=\"elementor-element elementor-element-4a78c45 elementor-widget elementor-widget-text-editor\" data-id=\"4a78c45\" data-element_type=\"widget\" data-widget_type=\"text-editor.default\">\n\t\t\t\t<div class=\"elementor-widget-container\">\n\t\t\t\t\t\t\t\t\t<ul class=\"list-disc pl-6 space-y-1 px-2\"><li>Integridade no mercado<\/li><li>Excel\u00eancia t\u00e9cnica<\/li><li>Responsabilidade social e ambiental<\/li><li>Satisfa\u00e7\u00e3o do cliente<\/li><\/ul><p>\u00a0<\/p>\t\t\t\t\t\t\t\t<\/div>\n\t\t\t\t<\/div>\n\t\t\t\t<\/div>\n\t\t\t\t\t<\/div>\n\t\t\t\t<\/div>\n\t\t<div class=\"elementor-element elementor-element-11974f4 e-flex e-con-boxed e-con e-parent\" data-id=\"11974f4\" data-element_type=\"container\" data-settings=\"{&quot;background_background&quot;:&quot;classic&quot;}\">\n\t\t\t\t\t<div class=\"e-con-inner\">\n\t\t<div class=\"elementor-element elementor-element-08f203e e-con-full e-flex e-con e-child\" data-id=\"08f203e\" data-element_type=\"container\">\n\t\t\t\t<div class=\"elementor-element elementor-element-43d9fc2 elementor-widget elementor-widget-heading\" data-id=\"43d9fc2\" data-element_type=\"widget\" data-widget_type=\"heading.default\">\n\t\t\t\t<div class=\"elementor-widget-container\">\n\t\t\t\t\t<h2 class=\"elementor-heading-title elementor-size-default\">Quem \u00e9 Fernando Bortolini?<\/h2>\t\t\t\t<\/div>\n\t\t\t\t<\/div>\n\t\t\t\t<div class=\"elementor-element elementor-element-64a572f elementor-widget-divider--view-line elementor-widget elementor-widget-divider\" data-id=\"64a572f\" data-element_type=\"widget\" data-widget_type=\"divider.default\">\n\t\t\t\t<div class=\"elementor-widget-container\">\n\t\t\t\t\t\t\t<div class=\"elementor-divider\">\n\t\t\t<span class=\"elementor-divider-separator\">\n\t\t\t\t\t\t<\/span>\n\t\t<\/div>\n\t\t\t\t\t\t<\/div>\n\t\t\t\t<\/div>\n\t\t\t\t<div class=\"elementor-element elementor-element-7c6b793 elementor-widget elementor-widget-text-editor\" data-id=\"7c6b793\" data-element_type=\"widget\" data-widget_type=\"text-editor.default\">\n\t\t\t\t<div class=\"elementor-widget-container\">\n\t\t\t\t\t\t\t\t\t<p><span style=\"font-weight: 400;\">Engenheiro Mec\u00e2nico com mais de 15 anos de experi\u00eancia em refrigera\u00e7\u00e3o e climatiza\u00e7\u00e3o, atualmente atua como S\u00f3cio Propriet\u00e1rio da Easycold Engenharia de Refrigera\u00e7\u00e3o, onde lidera opera\u00e7\u00f5es de manuten\u00e7\u00e3o e instala\u00e7\u00e3o de obras industriais utilizando fluidos refrigerantes naturais como CO2, R290 (propano) e Am\u00f4nia.\u00a0<\/span><\/p><p><span style=\"font-weight: 400;\">\u00c9 um profissional orientado a resultados, comprometido com a inova\u00e7\u00e3o e alinhado com os valores e princ\u00edpios, oferecendo servi\u00e7os de alta qualidade e impacto positivo para nossos clientes e o\u00a0meio\u00a0ambiente.<\/span><\/p><p><span style=\"font-weight: 400;\">Em sua trajet\u00f3ria profissional podemos destacar a coordena\u00e7\u00e3o de manuten\u00e7\u00e3o e instala\u00e7\u00e3o de grandes obras de refrigera\u00e7\u00e3o e climatiza\u00e7\u00e3o com \u00e1gua gelada, al\u00e9m de projetos de HVAC-R em 3D, sempre buscando excel\u00eancia na execu\u00e7\u00e3o do servi\u00e7o e na melhoria da efici\u00eancia energ\u00e9tica das instala\u00e7\u00f5es.<\/span><\/p>\t\t\t\t\t\t\t\t<\/div>\n\t\t\t\t<\/div>\n\t\t\t\t<div class=\"elementor-element elementor-element-7f9f204 elementor-widget elementor-widget-button\" data-id=\"7f9f204\" data-element_type=\"widget\" data-widget_type=\"button.default\">\n\t\t\t\t<div class=\"elementor-widget-container\">\n\t\t\t\t\t\t\t\t\t<div class=\"elementor-button-wrapper\">\n\t\t\t\t\t<a class=\"elementor-button elementor-button-link elementor-size-sm elementor-animation-bob\" href=\"https:\/\/wa.link\/odi7z8\">\n\t\t\t\t\t\t<span class=\"elementor-button-content-wrapper\">\n\t\t\t\t\t\t\t\t\t<span class=\"elementor-button-text\">Clique aqui<\/span>\n\t\t\t\t\t<\/span>\n\t\t\t\t\t<\/a>\n\t\t\t\t<\/div>\n\t\t\t\t\t\t\t\t<\/div>\n\t\t\t\t<\/div>\n\t\t\t\t<\/div>\n\t\t<div class=\"elementor-element elementor-element-d4b5639 e-con-full e-flex e-con e-child\" data-id=\"d4b5639\" data-element_type=\"container\">\n\t\t\t\t<div class=\"elementor-element elementor-element-2426737 elementor-widget elementor-widget-image\" data-id=\"2426737\" data-element_type=\"widget\" data-widget_type=\"image.default\">\n\t\t\t\t<div class=\"elementor-widget-container\">\n\t\t\t\t\t\t\t\t\t\t\t\t\t\t\t<img loading=\"lazy\" decoding=\"async\" width=\"727\" height=\"1024\" src=\"https:\/\/easycold.com.br\/wp-content\/uploads\/2025\/11\/WhatsApp-Image-2025-11-18-at-08.22.46-727x1024.jpeg\" class=\"elementor-animation-bob attachment-large size-large wp-image-2077\" alt=\"\" srcset=\"https:\/\/easycold.com.br\/wp-content\/uploads\/2025\/11\/WhatsApp-Image-2025-11-18-at-08.22.46-727x1024.jpeg 727w, https:\/\/easycold.com.br\/wp-content\/uploads\/2025\/11\/WhatsApp-Image-2025-11-18-at-08.22.46-213x300.jpeg 213w, https:\/\/easycold.com.br\/wp-content\/uploads\/2025\/11\/WhatsApp-Image-2025-11-18-at-08.22.46-768x1082.jpeg 768w, https:\/\/easycold.com.br\/wp-content\/uploads\/2025\/11\/WhatsApp-Image-2025-11-18-at-08.22.46.jpeg 832w\" sizes=\"(max-width: 727px) 100vw, 727px\" \/>\t\t\t\t\t\t\t\t\t\t\t\t\t\t\t<\/div>\n\t\t\t\t<\/div>\n\t\t\t\t<\/div>\n\t\t\t\t\t<\/div>\n\t\t\t\t<\/div>\n\t\t<div class=\"elementor-element elementor-element-ab688f4 e-flex e-con-boxed e-con e-parent\" data-id=\"ab688f4\" data-element_type=\"container\">\n\t\t\t\t\t<div class=\"e-con-inner\">\n\t\t\t\t<div class=\"elementor-element elementor-element-6c9f81b elementor-widget elementor-widget-heading\" data-id=\"6c9f81b\" data-element_type=\"widget\" data-widget_type=\"heading.default\">\n\t\t\t\t<div class=\"elementor-widget-container\">\n\t\t\t\t\t<h2 class=\"elementor-heading-title elementor-size-default\">Quer conhecer mais sobre a EasyCold?<\/h2>\t\t\t\t<\/div>\n\t\t\t\t<\/div>\n\t\t\t\t<div class=\"elementor-element elementor-element-bdef0f6 elementor-widget elementor-widget-text-editor\" data-id=\"bdef0f6\" data-element_type=\"widget\" data-widget_type=\"text-editor.default\">\n\t\t\t\t<div class=\"elementor-widget-container\">\n\t\t\t\t\t\t\t\t\t<p style=\"text-align: center;\">Entre em contato conosco para saber mais sobre nossa empresa,<\/p><p style=\"text-align: center;\">nossos servi\u00e7os e como podemos ajudar no seu projeto.<\/p>\t\t\t\t\t\t\t\t<\/div>\n\t\t\t\t<\/div>\n\t\t\t\t<div class=\"elementor-element elementor-element-062cac9 elementor-align-center elementor-widget elementor-widget-button\" data-id=\"062cac9\" data-element_type=\"widget\" data-widget_type=\"button.default\">\n\t\t\t\t<div class=\"elementor-widget-container\">\n\t\t\t\t\t\t\t\t\t<div class=\"elementor-button-wrapper\">\n\t\t\t\t\t<a class=\"elementor-button elementor-button-link elementor-size-sm elementor-animation-bob\" href=\"https:\/\/wa.link\/odi7z8\">\n\t\t\t\t\t\t<span class=\"elementor-button-content-wrapper\">\n\t\t\t\t\t\t\t\t\t<span class=\"elementor-button-text\">Entrar em contato<\/span>\n\t\t\t\t\t<\/span>\n\t\t\t\t\t<\/a>\n\t\t\t\t<\/div>\n\t\t\t\t\t\t\t\t<\/div>\n\t\t\t\t<\/div>\n\t\t\t\t\t<\/div>\n\t\t\t\t<\/div>\n\t\t\t\t<\/div>\n\t\t","protected":false},"excerpt":{"rendered":"<p>Sobre n\u00f3s Conhe\u00e7a a hist\u00f3ria da EasyCold e nosso compromisso com a excel\u00eancia em refrigera\u00e7\u00e3o industrial, climatiza\u00e7\u00e3o e ventila\u00e7\u00e3o. Nossa Hist\u00f3ria A Easycold \u00e9 uma empresa de engenharia de refrigera\u00e7\u00e3o e climatiza\u00e7\u00e3o industrial especialistas em conserva\u00e7\u00e3o de alimentos, o que nos capacita para o atendimento de diversos clientes em toda cadeia do frio.\u00a0 Atuamos em [&hellip;]<\/p>\n","protected":false},"author":1,"featured_media":0,"parent":0,"menu_order":0,"comment_status":"closed","ping_status":"closed","template":"","meta":{"site-sidebar-layout":"no-sidebar","site-content-layout":"page-builder","ast-site-content-layout":"full-width-container","site-content-style":"default","site-sidebar-style":"default","ast-global-header-display":"","ast-banner-title-visibility":"","ast-main-header-display":"","ast-hfb-above-header-display":"","ast-hfb-below-header-display":"","ast-hfb-mobile-header-display":"","site-post-title":"disabled","ast-breadcrumbs-content":"","ast-featured-img":"disabled","footer-sml-layout":"","theme-transparent-header-meta":"","adv-header-id-meta":"","stick-header-meta":"","header-above-stick-meta":"","header-main-stick-meta":"","header-below-stick-meta":"","astra-migrate-meta-layouts":"default","ast-page-background-enabled":"default","ast-page-background-meta":{"desktop":{"background-color":"","background-image":"","background-repeat":"repeat","background-position":"center center","background-size":"auto","background-attachment":"scroll","background-type":"","background-media":"","overlay-type":"","overlay-color":"","overlay-gradient":""},"tablet":{"background-color":"","background-image":"","background-repeat":"repeat","background-position":"center center","background-size":"auto","background-attachment":"scroll","background-type":"","background-media":"","overlay-type":"","overlay-color":"","overlay-gradient":""},"mobile":{"background-color":"","background-image":"","background-repeat":"repeat","background-position":"center center","background-size":"auto","background-attachment":"scroll","background-type":"","background-media":"","overlay-type":"","overlay-color":"","overlay-gradient":""}},"ast-content-background-meta":{"desktop":{"background-color":"var(--ast-global-color-5)","background-image":"","background-repeat":"repeat","background-position":"center center","background-size":"auto","background-attachment":"scroll","background-type":"","background-media":"","overlay-type":"","overlay-color":"","overlay-gradient":""},"tablet":{"background-color":"var(--ast-global-color-5)","background-image":"","background-repeat":"repeat","background-position":"center center","background-size":"auto","background-attachment":"scroll","background-type":"","background-media":"","overlay-type":"","overlay-color":"","overlay-gradient":""},"mobile":{"background-color":"var(--ast-global-color-5)","background-image":"","background-repeat":"repeat","background-position":"center center","background-size":"auto","background-attachment":"scroll","background-type":"","background-media":"","overlay-type":"","overlay-color":"","overlay-gradient":""}},"footnotes":""},"class_list":["post-1970","page","type-page","status-publish","hentry"],"_links":{"self":[{"href":"https:\/\/easycold.com.br\/homeeletro\/wp-json\/wp\/v2\/pages\/1970","targetHints":{"allow":["GET"]}}],"collection":[{"href":"https:\/\/easycold.com.br\/homeeletro\/wp-json\/wp\/v2\/pages"}],"about":[{"href":"https:\/\/easycold.com.br\/homeeletro\/wp-json\/wp\/v2\/types\/page"}],"author":[{"embeddable":true,"href":"https:\/\/easycold.com.br\/homeeletro\/wp-json\/wp\/v2\/users\/1"}],"replies":[{"embeddable":true,"href":"https:\/\/easycold.com.br\/homeeletro\/wp-json\/wp\/v2\/comments?post=1970"}],"version-history":[{"count":46,"href":"https:\/\/easycold.com.br\/homeeletro\/wp-json\/wp\/v2\/pages\/1970\/revisions"}],"predecessor-version":[{"id":2175,"href":"https:\/\/easycold.com.br\/homeeletro\/wp-json\/wp\/v2\/pages\/1970\/revisions\/2175"}],"wp:attachment":[{"href":"https:\/\/easycold.com.br\/homeeletro\/wp-json\/wp\/v2\/media?parent=1970"}],"curies":[{"name":"wp","href":"https:\/\/api.w.org\/{rel}","templated":true}]}}